{"id":522,"date":"2022-05-31T18:09:16","date_gmt":"2022-05-31T21:09:16","guid":{"rendered":"https:\/\/dsenb.ca\/?page_id=522"},"modified":"2022-08-20T13:39:15","modified_gmt":"2022-08-20T16:39:15","slug":"municipalites","status":"publish","type":"page","link":"https:\/\/dsenb.ca\/fr\/municipalites\/","title":{"rendered":"Municipalit\u00e9s"},"content":{"rendered":"<div data-elementor-type=\"wp-page\" data-elementor-id=\"522\" class=\"elementor elementor-522\" data-elementor-post-type=\"page\">\n\t\t\t\t\t\t<section class=\"elementor-section elementor-top-section elementor-element elementor-element-435bd2a short-shapes elementor-section-boxed elementor-section-height-default elementor-section-height-default\" data-id=\"435bd2a\" data-element_type=\"section\" data-e-type=\"section\" data-settings=\"{&quot;background_background&quot;:&quot;classic&quot;}\">\n\t\t\t\t\t\t<div class=\"elementor-container elementor-column-gap-default\">\n\t\t\t\t\t<div class=\"elementor-column elementor-col-100 elementor-top-column elementor-element elementor-element-30c435a\" data-id=\"30c435a\" data-element_type=\"column\" data-e-type=\"column\">\n\t\t\t<div class=\"elementor-widget-wrap elementor-element-populated\">\n\t\t\t\t\t\t<div class=\"elementor-element elementor-element-67b4d8c elementor-widget elementor-widget-heading\" data-id=\"67b4d8c\" data-element_type=\"widget\" data-e-type=\"widget\" data-widget_type=\"heading.default\">\n\t\t\t\t\t<h2 class=\"elementor-heading-title elementor-size-default\">Municipalit\u00e9s<\/h2>\t\t\t\t<\/div>\n\t\t\t\t\t<\/div>\n\t\t<\/div>\n\t\t\t\t\t<\/div>\n\t\t<\/section>\n\t\t\t\t<section class=\"elementor-section elementor-top-section elementor-element elementor-element-15be26e elementor-section-boxed elementor-section-height-default elementor-section-height-default\" data-id=\"15be26e\" data-element_type=\"section\" data-e-type=\"section\">\n\t\t\t\t\t\t<div class=\"elementor-container elementor-column-gap-default\">\n\t\t\t\t\t<div class=\"elementor-column elementor-col-100 elementor-top-column elementor-element elementor-element-c403594\" data-id=\"c403594\" data-element_type=\"column\" data-e-type=\"column\">\n\t\t\t<div class=\"elementor-widget-wrap elementor-element-populated\">\n\t\t\t\t\t\t<div class=\"elementor-element elementor-element-570d295 elementor-widget elementor-widget-text-editor\" data-id=\"570d295\" data-element_type=\"widget\" data-e-type=\"widget\" data-widget_type=\"text-editor.default\">\n\t\t\t\t\t\t\t\t\t<p>Nos villes charmantes, notre campagne paisible et nos belles plages vous attirent. Si le temps n'est pas de la partie, rendez-vous \u00e0 l'int\u00e9rieur pour visiter nos galeries, nos mus\u00e9es et nos attractions familiales de toutes sortes. Magasins et restaurants ? L\u00e0 aussi, nous avons tout ce qu'il vous faut ! D\u00e9couvrez les municipalit\u00e9s uniques qui apportent leur riche histoire, leurs traditions culturelles et leur dynamisme \u00e0 notre r\u00e9gion accueillante.<\/p>\t\t\t\t\t\t\t\t<\/div>\n\t\t\t\t<div class=\"elementor-element elementor-element-3c977ea elementor-widget elementor-widget-text-editor\" data-id=\"3c977ea\" data-element_type=\"widget\" data-e-type=\"widget\" data-widget_type=\"text-editor.default\">\n\t\t\t\t\t\t\t\t\t<p><div class=\"villes-grid\"><div class=\"ville-grid-item\"><div class=\"ville-grid-image lazyload\" style=\"background:inherit\" data-bg=\"url(https:\/\/dsenb.ca\/wp-content\/uploads\/2024\/08\/monument-_arche_2.jpg)\"><div class=\"ville-grid-content\"><a class=\"ville-grid-read\" href=\"https:\/\/dsenb.ca\/fr\/ville\/nouvelle-arcadie\/\"><span>Nouvelle-Arcadie<\/span><\/a><\/div><\/div><\/div><div class=\"ville-grid-item\"><div class=\"ville-grid-image lazyload\" style=\"background:inherit\" data-bg=\"url(https:\/\/dsenb.ca\/wp-content\/uploads\/2024\/08\/Champdore.jpeg)\"><div class=\"ville-grid-content\"><a class=\"ville-grid-read\" href=\"https:\/\/dsenb.ca\/fr\/ville\/champdore\/\"><span>Champdor\u00e9<\/span><\/a><\/div><\/div><\/div><div class=\"ville-grid-item\"><div class=\"ville-grid-image lazyload\" style=\"background:inherit\" data-bg=\"url(https:\/\/dsenb.ca\/wp-content\/uploads\/2024\/08\/Beaurivage--e1724168942525.jpeg)\"><div class=\"ville-grid-content\"><a class=\"ville-grid-read\" href=\"https:\/\/dsenb.ca\/fr\/ville\/beaurivage\/\"><span>Beaurivage<\/span><\/a><\/div><\/div><\/div><div class=\"ville-grid-item\"><div class=\"ville-grid-image lazyload\" style=\"background:inherit\" data-bg=\"url(https:\/\/dsenb.ca\/wp-content\/uploads\/2024\/08\/Five-Rivers-2-e1724172232178.jpeg)\"><div class=\"ville-grid-content\"><a class=\"ville-grid-read\" href=\"https:\/\/dsenb.ca\/fr\/ville\/five-rivers\/\"><span>Five Rivers<\/span><\/a><\/div><\/div><\/div><div class=\"ville-grid-item\"><div class=\"ville-grid-image lazyload\" style=\"background:inherit\" data-bg=\"url(https:\/\/dsenb.ca\/wp-content\/uploads\/2024\/08\/Grand-Bouctouche.jpeg)\"><div class=\"ville-grid-content\"><a class=\"ville-grid-read\" href=\"https:\/\/dsenb.ca\/fr\/ville\/grand-bouctouche\/\"><span>Grand-Bouctouche<\/span><\/a><\/div><\/div><\/div><div class=\"ville-grid-item\"><div class=\"ville-grid-image lazyload\" style=\"background:inherit\" data-bg=\"url(https:\/\/dsenb.ca\/wp-content\/uploads\/2024\/08\/Memramcook-2.jpeg)\"><div class=\"ville-grid-content\"><a class=\"ville-grid-read\" href=\"https:\/\/dsenb.ca\/fr\/ville\/village-de-memramcook\/\"><span>Village de Memramcook<\/span><\/a><\/div><\/div><\/div><div class=\"ville-grid-item\"><div class=\"ville-grid-image lazyload\" style=\"background:inherit\" data-bg=\"url(https:\/\/dsenb.ca\/wp-content\/uploads\/2024\/08\/Cap-Acadie-4.jpeg)\"><div class=\"ville-grid-content\"><a class=\"ville-grid-read\" href=\"https:\/\/dsenb.ca\/fr\/ville\/cap-acadie\/\"><span>Cap-Acadie<\/span><\/a><\/div><\/div><\/div><div class=\"ville-grid-item\"><div class=\"ville-grid-image lazyload\" style=\"background:inherit\" data-bg=\"url(https:\/\/dsenb.ca\/wp-content\/uploads\/2024\/08\/Kent-Rural-District-2.jpeg)\"><div class=\"ville-grid-content\"><a class=\"ville-grid-read\" href=\"https:\/\/dsenb.ca\/fr\/ville\/kent-rural-district\/\"><span>District rural de Kent<\/span><\/a><\/div><\/div><\/div><div class=\"ville-grid-item\"><div class=\"ville-grid-image lazyload\" style=\"background:inherit\" data-bg=\"url(https:\/\/dsenb.ca\/wp-content\/uploads\/2024\/08\/Beausoleil-2.jpg)\"><div class=\"ville-grid-content\"><a class=\"ville-grid-read\" href=\"https:\/\/dsenb.ca\/fr\/ville\/beausoleil\/\"><span>Beausoleil<\/span><\/a><\/div><\/div><\/div><div class=\"ville-grid-item\"><div class=\"ville-grid-image lazyload\" style=\"background:inherit\" data-bg=\"url(https:\/\/dsenb.ca\/wp-content\/uploads\/2024\/08\/Tantramar.jpg)\"><div class=\"ville-grid-content\"><a class=\"ville-grid-read\" href=\"https:\/\/dsenb.ca\/fr\/ville\/tantramar\/\"><span>Tantramar<\/span><\/a><\/div><\/div><\/div><div class=\"ville-grid-item\"><div class=\"ville-grid-image lazyload\" style=\"background:inherit\" data-bg=\"url(https:\/\/dsenb.ca\/wp-content\/uploads\/2024\/08\/Strait-Shore.jpeg)\"><div class=\"ville-grid-content\"><a class=\"ville-grid-read\" href=\"https:\/\/dsenb.ca\/fr\/ville\/strait-shore\/\"><span>Strait Shore<\/span><\/a><\/div><\/div><\/div><div class=\"ville-grid-item\"><div class=\"ville-grid-image lazyload\" style=\"background:inherit\" data-bg=\"url(https:\/\/dsenb.ca\/wp-content\/uploads\/2024\/08\/Shediac-1.jpg)\"><div class=\"ville-grid-content\"><a class=\"ville-grid-read\" href=\"https:\/\/dsenb.ca\/fr\/ville\/shediac\/\"><span>Shediac<\/span><\/a><\/div><\/div><\/div><\/div><\/p>\t\t\t\t\t\t\t\t<\/div>\n\t\t\t\t\t<\/div>\n\t\t<\/div>\n\t\t\t\t\t<\/div>\n\t\t<\/section>\n\t\t\t\t<section class=\"elementor-section elementor-top-section elementor-element elementor-element-0e7e94e elementor-section-boxed elementor-section-height-default elementor-section-height-default\" data-id=\"0e7e94e\" data-element_type=\"section\" data-e-type=\"section\">\n\t\t\t\t\t\t<div class=\"elementor-container elementor-column-gap-default\">\n\t\t\t\t\t<div class=\"elementor-column elementor-col-100 elementor-top-column elementor-element elementor-element-1a67da6\" data-id=\"1a67da6\" data-element_type=\"column\" data-e-type=\"column\">\n\t\t\t<div class=\"elementor-widget-wrap elementor-element-populated\">\n\t\t\t\t\t\t<div class=\"elementor-element elementor-element-fe2623d with-icon elementor-widget elementor-widget-heading\" data-id=\"fe2623d\" data-element_type=\"widget\" data-e-type=\"widget\" data-widget_type=\"heading.default\">\n\t\t\t\t\t<h2 class=\"elementor-heading-title elementor-size-default\">Ce qui se passe dans nos communaut\u00e9s<\/h2>\t\t\t\t<\/div>\n\t\t\t\t<div class=\"elementor-element elementor-element-aaa8ee9 elementor-widget elementor-widget-text-editor\" data-id=\"aaa8ee9\" data-element_type=\"widget\" data-e-type=\"widget\" data-widget_type=\"text-editor.default\">\n\t\t\t\t\t\t\t\t\t<p>Venez nous rencontrer et laissez-vous s\u00e9duire par nos s\u00e9lections. Des attractions majeures inspirantes qui vous guideront vers de nouveaux horizons.<\/p>\t\t\t\t\t\t\t\t<\/div>\n\t\t\t\t<div class=\"elementor-element elementor-element-9517718 elementor-widget elementor-widget-text-editor\" data-id=\"9517718\" data-element_type=\"widget\" data-e-type=\"widget\" data-widget_type=\"text-editor.default\">\n\t\t\t\t\t\t\t\t\t<p><div class=\"hebergement-carousel swiper swiper-carousel\"><div class=\"swiper-wrapper\"><strong>Rien trouv\u00e9.<\/strong><\/div><div class=\"h-custom-swiper-button-prev\"><\/div><div class=\"h-custom-swiper-button-next\"><\/div><div class=\"h-swiper-pagination\"><\/div><\/div><\/p>\t\t\t\t\t\t\t\t<\/div>\n\t\t\t\t\t<\/div>\n\t\t<\/div>\n\t\t\t\t\t<\/div>\n\t\t<\/section>\n\t\t\t\t<\/div>","protected":false},"excerpt":{"rendered":"<p>Municipalities Our charming towns, peaceful countryside and sandy shores beckon. If the weather doesn\u2019t cooperate, head indoors to our galleries, museums and family-friendly attractions of all kinds. Shops and restaurants? [&hellip;]<\/p>\n","protected":false},"author":220940501,"featured_media":0,"parent":0,"menu_order":0,"comment_status":"closed","ping_status":"closed","template":"elementor_header_footer","meta":{"_crdt_document":"","jetpack_post_was_ever_published":false,"footnotes":""},"class_list":["post-522","page","type-page","status-publish","hentry"],"aioseo_notices":[],"jetpack_likes_enabled":true,"jetpack_sharing_enabled":true,"jetpack_shortlink":"https:\/\/wp.me\/PdWRXL-8q","amp_enabled":false,"acf":[],"_links":{"self":[{"href":"https:\/\/dsenb.ca\/fr\/wp-json\/wp\/v2\/pages\/522","targetHints":{"allow":["GET"]}}],"collection":[{"href":"https:\/\/dsenb.ca\/fr\/wp-json\/wp\/v2\/pages"}],"about":[{"href":"https:\/\/dsenb.ca\/fr\/wp-json\/wp\/v2\/types\/page"}],"author":[{"embeddable":true,"href":"https:\/\/dsenb.ca\/fr\/wp-json\/wp\/v2\/users\/220940501"}],"replies":[{"embeddable":true,"href":"https:\/\/dsenb.ca\/fr\/wp-json\/wp\/v2\/comments?post=522"}],"version-history":[{"count":44,"href":"https:\/\/dsenb.ca\/fr\/wp-json\/wp\/v2\/pages\/522\/revisions"}],"predecessor-version":[{"id":3656,"href":"https:\/\/dsenb.ca\/fr\/wp-json\/wp\/v2\/pages\/522\/revisions\/3656"}],"wp:attachment":[{"href":"https:\/\/dsenb.ca\/fr\/wp-json\/wp\/v2\/media?parent=522"}],"curies":[{"name":"wp","href":"https:\/\/api.w.org\/{rel}","templated":true}]}}